{"id":7450,"date":"2025-10-27T12:48:24","date_gmt":"2025-10-27T12:48:24","guid":{"rendered":"https:\/\/estila.org\/residencia\/?page_id=7450"},"modified":"2025-10-27T12:51:31","modified_gmt":"2025-10-27T12:51:31","slug":"normas-de-conducta","status":"publish","type":"page","link":"https:\/\/estila.org\/residencia\/normas-de-conducta\/","title":{"rendered":"Normas de conducta"},"content":{"rendered":"\t\t<div data-elementor-type=\"wp-page\" data-elementor-id=\"7450\" class=\"elementor elementor-7450\" data-elementor-post-type=\"page\">\n\t\t\t\t\t\t<section class=\"elementor-section elementor-top-section elementor-element elementor-element-0040304 elementor-section-stretched elementor-section-height-min-height elementor-section-content-middle elementor-section-boxed elementor-section-height-default elementor-section-items-middle\" data-id=\"0040304\" data-element_type=\"section\" data-e-type=\"section\" data-settings=\"{&quot;stretch_section&quot;:&quot;section-stretched&quot;}\">\n\t\t\t\t\t\t<div class=\"elementor-container elementor-column-gap-no\">\n\t\t\t\t\t<div class=\"elementor-column elementor-col-100 elementor-top-column elementor-element elementor-element-e41667a\" data-id=\"e41667a\" data-element_type=\"column\" data-e-type=\"column\">\n\t\t\t<div class=\"elementor-widget-wrap elementor-element-populated\">\n\t\t\t\t\t\t<div class=\"elementor-element elementor-element-462bb71 elementor-widget elementor-widget-heading\" data-id=\"462bb71\" data-element_type=\"widget\" data-e-type=\"widget\" data-widget_type=\"heading.default\">\n\t\t\t\t<div class=\"elementor-widget-container\">\n\t\t\t\t\t<h2 class=\"elementor-heading-title elementor-size-small\">Normas de conducta<\/h2>\t\t\t\t<\/div>\n\t\t\t\t<\/div>\n\t\t\t\t\t<\/div>\n\t\t<\/div>\n\t\t\t\t\t<\/div>\n\t\t<\/section>\n\t\t\t\t<section class=\"elementor-section elementor-top-section elementor-element elementor-element-a3a8fee animated-slow elementor-section-boxed elementor-section-height-default elementor-section-height-default elementor-invisible\" data-id=\"a3a8fee\" data-element_type=\"section\" data-e-type=\"section\" data-settings=\"{&quot;animation&quot;:&quot;fadeIn&quot;}\">\n\t\t\t\t\t\t<div class=\"elementor-container elementor-column-gap-no\">\n\t\t\t\t\t<div class=\"elementor-column elementor-col-100 elementor-top-column elementor-element elementor-element-27a3750\" data-id=\"27a3750\" data-element_type=\"column\" data-e-type=\"column\">\n\t\t\t<div class=\"elementor-widget-wrap elementor-element-populated\">\n\t\t\t\t\t\t<section class=\"elementor-section elementor-inner-section elementor-element elementor-element-1b056fe elementor-section-boxed elementor-section-height-default elementor-section-height-default\" data-id=\"1b056fe\" data-element_type=\"section\" data-e-type=\"section\">\n\t\t\t\t\t\t<div class=\"elementor-container elementor-column-gap-default\">\n\t\t\t\t\t<div class=\"elementor-column elementor-col-100 elementor-inner-column elementor-element elementor-element-0921bae\" data-id=\"0921bae\" data-element_type=\"column\" data-e-type=\"column\">\n\t\t\t<div class=\"elementor-widget-wrap elementor-element-populated\">\n\t\t\t\t\t\t<div class=\"elementor-element elementor-element-9a8f7e5 elementor-widget elementor-widget-text-editor\" data-id=\"9a8f7e5\" data-element_type=\"widget\" data-e-type=\"widget\" data-widget_type=\"text-editor.default\">\n\t\t\t\t<div class=\"elementor-widget-container\">\n\t\t\t\t\t\t\t\t\t<p style=\"font-weight: 400;\">El Colegio Mayor Universitario La Estila dispone de unas Normas de Conducta para el trato con menores, y pone a disposici\u00f3n de las partes interesadas el siguiente correo electr\u00f3nico: <span style=\"color: #333399;\"><a style=\"color: #333399;\" href=\"mailto:protecci%C3%B3n@estila.org\">protecci\u00f3n@estila.org<\/a><\/span> como canal de comunicaci\u00f3n con el Delegado de Protecci\u00f3n para la recepci\u00f3n de notificaciones relacionadas con incumplimientos normativos, legislativos y\/o pr\u00e1cticas contrarias a los principios establecidos en las Normas de Conducta que pudieran haberse cometido por o en el seno del Colegio Mayor, adem\u00e1s de cualesquiera situaciones o hechos que requieran la atenci\u00f3n del Delegado de Protecci\u00f3n. El Colegio Mayor Universitario La Estila garantiza la confidencialidad en los procesos de investigaci\u00f3n de las notificaciones recibidas.<\/p>\t\t\t\t\t\t\t\t<\/div>\n\t\t\t\t<\/div>\n\t\t\t\t\t<\/div>\n\t\t<\/div>\n\t\t\t\t\t<\/div>\n\t\t<\/section>\n\t\t\t\t\t<\/div>\n\t\t<\/div>\n\t\t\t\t\t<\/div>\n\t\t<\/section>\n\t\t\t\t<\/div>\n\t\t","protected":false},"excerpt":{"rendered":"<p>Normas de conducta El Colegio Mayor Universitario La Estila dispone de unas Normas de Conducta para el trato con menores, y pone a disposici\u00f3n de las partes interesadas el siguiente correo electr\u00f3nico: protecci\u00f3n@estila.org como canal de comunicaci\u00f3n con el Delegado de Protecci\u00f3n para la recepci\u00f3n de notificaciones relacionadas con incumplimientos normativos, legislativos y\/o pr\u00e1cticas contrarias &#8230; <\/p>\n<p class=\"read-more-container\"><a title=\"Normas de conducta\" class=\"read-more button\" href=\"https:\/\/estila.org\/residencia\/normas-de-conducta\/#more-7450\" aria-label=\"Leer m\u00e1s sobre Normas de conducta\">Leer m\u00e1s<\/a><\/p>\n","protected":false},"author":7,"featured_media":0,"parent":0,"menu_order":0,"comment_status":"closed","ping_status":"closed","template":"elementor_header_footer","meta":{"footnotes":""},"class_list":{"0":"post-7450","1":"page","2":"type-page","3":"status-publish","5":"infinite-scroll-item"},"aioseo_notices":[],"_links":{"self":[{"href":"https:\/\/estila.org\/residencia\/wp-json\/wp\/v2\/pages\/7450","targetHints":{"allow":["GET"]}}],"collection":[{"href":"https:\/\/estila.org\/residencia\/wp-json\/wp\/v2\/pages"}],"about":[{"href":"https:\/\/estila.org\/residencia\/wp-json\/wp\/v2\/types\/page"}],"author":[{"embeddable":true,"href":"https:\/\/estila.org\/residencia\/wp-json\/wp\/v2\/users\/7"}],"replies":[{"embeddable":true,"href":"https:\/\/estila.org\/residencia\/wp-json\/wp\/v2\/comments?post=7450"}],"version-history":[{"count":7,"href":"https:\/\/estila.org\/residencia\/wp-json\/wp\/v2\/pages\/7450\/revisions"}],"predecessor-version":[{"id":7457,"href":"https:\/\/estila.org\/residencia\/wp-json\/wp\/v2\/pages\/7450\/revisions\/7457"}],"wp:attachment":[{"href":"https:\/\/estila.org\/residencia\/wp-json\/wp\/v2\/media?parent=7450"}],"curies":[{"name":"wp","href":"https:\/\/api.w.org\/{rel}","templated":true}]}}